{"id":55,"date":"2025-10-04T14:29:17","date_gmt":"2025-10-04T12:29:17","guid":{"rendered":"https:\/\/www.groloto.fr\/?page_id=55"},"modified":"2025-10-09T19:22:47","modified_gmt":"2025-10-09T17:22:47","slug":"contacts","status":"publish","type":"page","link":"https:\/\/www.groloto.fr\/index.php\/contacts\/","title":{"rendered":"CONTACTS"},"content":{"rendered":"\n<p>Retrouvez toutes les informations sur l&rsquo;\u00e9v\u00e9nement sur notre site et suivez l\u2019annonce de la programmation sur nos r\u00e9seaux sociaux !<\/p>\n\n\n\n<p><strong>www.groloto.fr \u00b7<\/strong><a href=\"https:\/\/www.facebook.com\/GROLOTO\"><strong> Facebook<\/strong><\/a><strong> \u00b7 <a href=\"https:\/\/www.instagram.com\/groweekend_poitiers\/\">Instagram<\/a><\/strong><\/p>\n\n\n\n<p>Pour toute demande d&rsquo;informations, n&rsquo;h\u00e9sitez pas \u00e0 nous contacter : <\/p>\n\n\n\n<p><a href=\"mailto:grolotocaritatif@gmail.com\"><mark style=\"background-color:rgba(0, 0, 0, 0)\" class=\"has-inline-color has-vivid-cyan-blue-color\">grolotocaritatif@gmail.com<\/mark><\/a><\/p>\n\n\n\n<p>GRO B\u00c9N\u00c9VOLAT <\/p>\n\n\n\n<p>Tu as envie de t\u2019investir dans un beau projet ? Rejoins la team en devenant b\u00e9n\u00e9vole. Pour faire vivre le GROWEEKEND, nous avons besoin de vous. Un tel \u00e9v\u00e9nement demande beaucoup d\u2019investissement, en amont, pendant, apr\u00e8s\u2026 Toutes les bonnes volont\u00e9s sont les bienvenues. Les missions sont multiples et tout se fait dans la bonne humeur et le fun ! <\/p>\n\n\n\n<p><\/p>\n","protected":false},"excerpt":{"rendered":"<p>Retrouvez toutes les informations sur l&rsquo;\u00e9v\u00e9nement sur notre site et suivez l\u2019annonce de la programmation sur nos r\u00e9seaux sociaux ! www.groloto.fr \u00b7 Facebook \u00b7 Instagram Pour toute demande d&rsquo;informations, n&rsquo;h\u00e9sitez pas \u00e0 nous contacter : grolotocaritatif@gmail.com GRO B\u00c9N\u00c9VOLAT Tu as envie de t\u2019investir dans un beau projet ? Rejoins la team en devenant b\u00e9n\u00e9vole. Pour &hellip; <\/p>\n<p class=\"link-more\"><a href=\"https:\/\/www.groloto.fr\/index.php\/contacts\/\" class=\"more-link\">Continuer la lecture<span class=\"screen-reader-text\"> de &laquo;&nbsp;CONTACTS&nbsp;&raquo;<\/span><\/a><\/p>\n","protected":false},"author":1,"featured_media":38,"parent":0,"menu_order":0,"comment_status":"closed","ping_status":"closed","template":"","meta":{"footnotes":""},"class_list":["post-55","page","type-page","status-publish","has-post-thumbnail","hentry"],"_links":{"self":[{"href":"https:\/\/www.groloto.fr\/index.php\/wp-json\/wp\/v2\/pages\/55","targetHints":{"allow":["GET"]}}],"collection":[{"href":"https:\/\/www.groloto.fr\/index.php\/wp-json\/wp\/v2\/pages"}],"about":[{"href":"https:\/\/www.groloto.fr\/index.php\/wp-json\/wp\/v2\/types\/page"}],"author":[{"embeddable":true,"href":"https:\/\/www.groloto.fr\/index.php\/wp-json\/wp\/v2\/users\/1"}],"replies":[{"embeddable":true,"href":"https:\/\/www.groloto.fr\/index.php\/wp-json\/wp\/v2\/comments?post=55"}],"version-history":[{"count":8,"href":"https:\/\/www.groloto.fr\/index.php\/wp-json\/wp\/v2\/pages\/55\/revisions"}],"predecessor-version":[{"id":89,"href":"https:\/\/www.groloto.fr\/index.php\/wp-json\/wp\/v2\/pages\/55\/revisions\/89"}],"wp:featuredmedia":[{"embeddable":true,"href":"https:\/\/www.groloto.fr\/index.php\/wp-json\/wp\/v2\/media\/38"}],"wp:attachment":[{"href":"https:\/\/www.groloto.fr\/index.php\/wp-json\/wp\/v2\/media?parent=55"}],"curies":[{"name":"wp","href":"https:\/\/api.w.org\/{rel}","templated":true}]}}