{"id":199,"date":"2025-11-06T19:40:52","date_gmt":"2025-11-06T17:40:52","guid":{"rendered":"https:\/\/www.groloto.fr\/?page_id=199"},"modified":"2025-11-06T20:09:44","modified_gmt":"2025-11-06T18:09:44","slug":"nos-precedentes-editions","status":"publish","type":"page","link":"https:\/\/www.groloto.fr\/index.php\/nos-precedentes-editions\/","title":{"rendered":"Nos pr\u00e9c\u00e9dentes \u00e9ditions"},"content":{"rendered":"\n<p class=\"has-medium-font-size\"><img loading=\"lazy\" decoding=\"async\" width=\"300\" height=\"425\" class=\"wp-image-200\" style=\"width: 300px;\" src=\"http:\/\/www.groloto.fr\/wp-content\/uploads\/2025\/11\/24affiche.jpg\" alt=\"\" srcset=\"https:\/\/www.groloto.fr\/wp-content\/uploads\/2025\/11\/24affiche.jpg 595w, https:\/\/www.groloto.fr\/wp-content\/uploads\/2025\/11\/24affiche-212x300.jpg 212w\" sizes=\"auto, (max-width: 300px) 100vw, 300px\" \/>        <\/p>\n\n\n\n<p class=\"has-medium-font-size\">L&rsquo;\u00e9dition 2024 est sur Flickr<strong> <a href=\"https:\/\/www.flickr.com\/photos\/groloto_poitiers\/albums\/72177720322000770\/with\/54143476318\">ic<\/a><a href=\"https:\/\/www.flickr.com\/photos\/groloto_poitiers\/albums\/72177720322000770\/with\/54143476318\" target=\"_blank\" rel=\"noreferrer noopener\">i<\/a><a href=\"https:\/\/www.flickr.com\/photos\/groloto_poitiers\/albums\/72177720322000770\/with\/54143476318\"> <\/a><\/strong>et<strong> <a href=\"https:\/\/www.flickr.com\/photos\/groloto_poitiers\/albums\/72177720322477562\/with\/54195504601\" target=\"_blank\" rel=\"noreferrer noopener\">l\u00e0<\/a> !<\/strong><\/p>\n\n\n\n<p class=\"has-vivid-cyan-blue-color has-text-color has-link-color has-medium-font-size wp-elements-1313566407a8b41e64ac2a2add2b23b6\"><\/p>\n\n\n\n<p><img loading=\"lazy\" decoding=\"async\" width=\"300\" height=\"424\" class=\"wp-image-201\" style=\"width: 300px;\" src=\"http:\/\/www.groloto.fr\/wp-content\/uploads\/2025\/11\/23afficheok.jpg\" alt=\"\" srcset=\"https:\/\/www.groloto.fr\/wp-content\/uploads\/2025\/11\/23afficheok.jpg 842w, https:\/\/www.groloto.fr\/wp-content\/uploads\/2025\/11\/23afficheok-212x300.jpg 212w, https:\/\/www.groloto.fr\/wp-content\/uploads\/2025\/11\/23afficheok-724x1024.jpg 724w, https:\/\/www.groloto.fr\/wp-content\/uploads\/2025\/11\/23afficheok-768x1086.jpg 768w\" sizes=\"auto, (max-width: 300px) 100vw, 300px\" \/>                     <img loading=\"lazy\" decoding=\"async\" width=\"300\" height=\"400\" class=\"wp-image-202\" style=\"width: 300px;\" src=\"http:\/\/www.groloto.fr\/wp-content\/uploads\/2025\/11\/22afiche.jpg\" alt=\"\" srcset=\"https:\/\/www.groloto.fr\/wp-content\/uploads\/2025\/11\/22afiche.jpg 850w, https:\/\/www.groloto.fr\/wp-content\/uploads\/2025\/11\/22afiche-225x300.jpg 225w, https:\/\/www.groloto.fr\/wp-content\/uploads\/2025\/11\/22afiche-768x1025.jpg 768w\" sizes=\"auto, (max-width: 300px) 100vw, 300px\" \/><\/p>\n\n\n\n<p><\/p>\n","protected":false},"excerpt":{"rendered":"<p>L&rsquo;\u00e9dition 2024 est sur Flickr ici et l\u00e0 !<\/p>\n","protected":false},"author":1,"featured_media":0,"parent":0,"menu_order":0,"comment_status":"closed","ping_status":"closed","template":"","meta":{"footnotes":""},"class_list":["post-199","page","type-page","status-publish","hentry"],"_links":{"self":[{"href":"https:\/\/www.groloto.fr\/index.php\/wp-json\/wp\/v2\/pages\/199","targetHints":{"allow":["GET"]}}],"collection":[{"href":"https:\/\/www.groloto.fr\/index.php\/wp-json\/wp\/v2\/pages"}],"about":[{"href":"https:\/\/www.groloto.fr\/index.php\/wp-json\/wp\/v2\/types\/page"}],"author":[{"embeddable":true,"href":"https:\/\/www.groloto.fr\/index.php\/wp-json\/wp\/v2\/users\/1"}],"replies":[{"embeddable":true,"href":"https:\/\/www.groloto.fr\/index.php\/wp-json\/wp\/v2\/comments?post=199"}],"version-history":[{"count":8,"href":"https:\/\/www.groloto.fr\/index.php\/wp-json\/wp\/v2\/pages\/199\/revisions"}],"predecessor-version":[{"id":227,"href":"https:\/\/www.groloto.fr\/index.php\/wp-json\/wp\/v2\/pages\/199\/revisions\/227"}],"wp:attachment":[{"href":"https:\/\/www.groloto.fr\/index.php\/wp-json\/wp\/v2\/media?parent=199"}],"curies":[{"name":"wp","href":"https:\/\/api.w.org\/{rel}","templated":true}]}}