{"id":173,"date":"2025-10-29T22:49:23","date_gmt":"2025-10-29T20:49:23","guid":{"rendered":"https:\/\/www.groloto.fr\/?page_id=173"},"modified":"2025-11-13T11:53:59","modified_gmt":"2025-11-13T09:53:59","slug":"je-soutiens","status":"publish","type":"page","link":"https:\/\/www.groloto.fr\/index.php\/je-soutiens\/","title":{"rendered":"JE SOUTIENS"},"content":{"rendered":"\n<p>Comme chaque ann\u00e9e, l&rsquo;ensemble des b\u00e9n\u00e9fices r\u00e9alis\u00e9s lors GROWEEKEND sont revers\u00e9s \u00e0 La Ligue contre le cancer. <\/p>\n\n\n\n<p>Vous pouvez soutenir \u00e0 tout moment de l&rsquo;ann\u00e9e les actions de la ligue en faisant un don ici\ud83d\udc47<\/p>\n\n\n\n<div class=\"wp-block-buttons is-layout-flex wp-block-buttons-is-layout-flex\">\n<div class=\"wp-block-button\"><a class=\"wp-block-button__link wp-element-button\" href=\"https:\/\/mecenus.com\/structure\/comite-dep-ligue-nat-contre-le-cancer\/?utm_source=share&amp;utm_medium=sheet\">JE SOUTIENS<\/a><\/div>\n<\/div>\n","protected":false},"excerpt":{"rendered":"<p>Comme chaque ann\u00e9e, l&rsquo;ensemble des b\u00e9n\u00e9fices r\u00e9alis\u00e9s lors GROWEEKEND sont revers\u00e9s \u00e0 La Ligue contre le cancer. Vous pouvez soutenir \u00e0 tout moment de l&rsquo;ann\u00e9e les actions de la ligue en faisant un don ici\ud83d\udc47<\/p>\n","protected":false},"author":1,"featured_media":0,"parent":0,"menu_order":0,"comment_status":"closed","ping_status":"closed","template":"","meta":{"footnotes":""},"class_list":["post-173","page","type-page","status-publish","hentry"],"_links":{"self":[{"href":"https:\/\/www.groloto.fr\/index.php\/wp-json\/wp\/v2\/pages\/173","targetHints":{"allow":["GET"]}}],"collection":[{"href":"https:\/\/www.groloto.fr\/index.php\/wp-json\/wp\/v2\/pages"}],"about":[{"href":"https:\/\/www.groloto.fr\/index.php\/wp-json\/wp\/v2\/types\/page"}],"author":[{"embeddable":true,"href":"https:\/\/www.groloto.fr\/index.php\/wp-json\/wp\/v2\/users\/1"}],"replies":[{"embeddable":true,"href":"https:\/\/www.groloto.fr\/index.php\/wp-json\/wp\/v2\/comments?post=173"}],"version-history":[{"count":5,"href":"https:\/\/www.groloto.fr\/index.php\/wp-json\/wp\/v2\/pages\/173\/revisions"}],"predecessor-version":[{"id":215,"href":"https:\/\/www.groloto.fr\/index.php\/wp-json\/wp\/v2\/pages\/173\/revisions\/215"}],"wp:attachment":[{"href":"https:\/\/www.groloto.fr\/index.php\/wp-json\/wp\/v2\/media?parent=173"}],"curies":[{"name":"wp","href":"https:\/\/api.w.org\/{rel}","templated":true}]}}