{"id":12,"date":"2025-10-03T17:12:21","date_gmt":"2025-10-03T15:12:21","guid":{"rendered":"https:\/\/www.groloto.fr\/?page_id=12"},"modified":"2025-11-05T17:40:55","modified_gmt":"2025-11-05T15:40:55","slug":"a-propos-de","status":"publish","type":"page","link":"https:\/\/www.groloto.fr\/index.php\/a-propos-de\/","title":{"rendered":"La gen\u00e8se du projet"},"content":{"rendered":"\n<p>Ce projet, festif et populaire, est n\u00e9 en 2019 d\u2019un groupe d\u2019amis d\u00e9sireux d\u2019agir pour lutter contre le cancer.&nbsp;<\/p>\n\n\n\n<p>En effet, face au constat effrayant que chacun d\u2019entre nous est touch\u00e9 de pr\u00e8s ou de loin par cette maladie, nous avons d\u00e9cid\u00e9 d\u2019agir \u00e0 notre niveau en adh\u00e9rant au <a href=\"https:\/\/www.ligue-cancer.net\/86-vienne\"><mark style=\"background-color:rgba(0, 0, 0, 0)\" class=\"has-inline-color has-luminous-vivid-orange-color\">comit\u00e9 d\u00e9partemental de la Vienne de la Ligue contre le cancer<\/mark><\/a>.&nbsp;<\/p>\n\n\n\n<p>Ce projet s\u2019est articul\u00e9 autour d\u2019un triple objectif avec pour fil rouge La Rencontre :&nbsp;<\/p>\n\n\n\n<ul class=\"wp-block-list\">\n<li>Faire connaitre les actions de ligue contre le cancer 86<\/li>\n\n\n\n<li>Sensibiliser \u00e0 la pr\u00e9vention cancers<\/li>\n\n\n\n<li>R\u00e9colter des dons permettant de financer les actions de la ligue<\/li>\n<\/ul>\n\n\n\n<p>D\u2019abord imagin\u00e9 sous la forme d\u2019un apr\u00e8s-midi loto th\u00e9\u00e2tralis\u00e9 il s\u2019est ensuite d\u00e9velopp\u00e9 pour s\u2019\u00e9tendre depuis 2021 sur un week-end entier.<\/p>\n\n\n\n<p>La rencontre est pour nous un enjeu essentiel de notre soci\u00e9t\u00e9. Faire groupe et penser collectivement est ce qui nous tient \u00e0 c\u0153ur. C\u2019est ce que nous d\u00e9fendons avec notre GROWEEKEND.<\/p>\n","protected":false},"excerpt":{"rendered":"<p>Ce projet, festif et populaire, est n\u00e9 en 2019 d\u2019un groupe d\u2019amis d\u00e9sireux d\u2019agir pour lutter contre le cancer.&nbsp; En effet, face au constat effrayant que chacun d\u2019entre nous est touch\u00e9 de pr\u00e8s ou de loin par cette maladie, nous avons d\u00e9cid\u00e9 d\u2019agir \u00e0 notre niveau en adh\u00e9rant au comit\u00e9 d\u00e9partemental de la Vienne de &hellip; <\/p>\n<p class=\"link-more\"><a href=\"https:\/\/www.groloto.fr\/index.php\/a-propos-de\/\" class=\"more-link\">Continuer la lecture<span class=\"screen-reader-text\"> de &laquo;&nbsp;La gen\u00e8se du projet&nbsp;&raquo;<\/span><\/a><\/p>\n","protected":false},"author":1,"featured_media":38,"parent":0,"menu_order":0,"comment_status":"closed","ping_status":"closed","template":"","meta":{"footnotes":""},"class_list":["post-12","page","type-page","status-publish","has-post-thumbnail","hentry"],"_links":{"self":[{"href":"https:\/\/www.groloto.fr\/index.php\/wp-json\/wp\/v2\/pages\/12","targetHints":{"allow":["GET"]}}],"collection":[{"href":"https:\/\/www.groloto.fr\/index.php\/wp-json\/wp\/v2\/pages"}],"about":[{"href":"https:\/\/www.groloto.fr\/index.php\/wp-json\/wp\/v2\/types\/page"}],"author":[{"embeddable":true,"href":"https:\/\/www.groloto.fr\/index.php\/wp-json\/wp\/v2\/users\/1"}],"replies":[{"embeddable":true,"href":"https:\/\/www.groloto.fr\/index.php\/wp-json\/wp\/v2\/comments?post=12"}],"version-history":[{"count":5,"href":"https:\/\/www.groloto.fr\/index.php\/wp-json\/wp\/v2\/pages\/12\/revisions"}],"predecessor-version":[{"id":190,"href":"https:\/\/www.groloto.fr\/index.php\/wp-json\/wp\/v2\/pages\/12\/revisions\/190"}],"wp:featuredmedia":[{"embeddable":true,"href":"https:\/\/www.groloto.fr\/index.php\/wp-json\/wp\/v2\/media\/38"}],"wp:attachment":[{"href":"https:\/\/www.groloto.fr\/index.php\/wp-json\/wp\/v2\/media?parent=12"}],"curies":[{"name":"wp","href":"https:\/\/api.w.org\/{rel}","templated":true}]}}